{"id":2968,"date":"2021-10-14T14:17:11","date_gmt":"2021-10-14T14:17:11","guid":{"rendered":"http:\/\/www.novamacsrl.it\/home\/?page_id=2968"},"modified":"2023-01-27T16:02:10","modified_gmt":"2023-01-27T16:02:10","slug":"macchine-ad-ultrasuoni","status":"publish","type":"page","link":"https:\/\/www.novamacsrl.it\/home\/macchine-ad-ultrasuoni\/","title":{"rendered":"Macchine ad ultrasuoni"},"content":{"rendered":"\t\t<div data-elementor-type=\"wp-post\" data-elementor-id=\"2968\" class=\"elementor elementor-2968\">\n\t\t\t\t\t\t\t\t\t<section class=\"elementor-section elementor-top-section elementor-element elementor-element-10b3474 elementor-section-stretched elementor-section-boxed elementor-section-height-default elementor-section-height-default\" data-id=\"10b3474\" data-element_type=\"section\" data-settings=\"{&quot;stretch_section&quot;:&quot;section-stretched&quot;}\">\n\t\t\t\t\t\t<div class=\"elementor-container elementor-column-gap-default\">\n\t\t\t\t\t<div class=\"elementor-column elementor-col-50 elementor-top-column elementor-element elementor-element-9f7d21a elementor-invisible\" data-id=\"9f7d21a\" data-element_type=\"column\" data-settings=\"{&quot;animation&quot;:&quot;fadeIn&quot;}\">\n\t\t\t<div class=\"elementor-widget-wrap elementor-element-populated\">\n\t\t\t\t\t\t\t\t<div class=\"elementor-element elementor-element-3da339a elementor-widget elementor-widget-image\" data-id=\"3da339a\" data-element_type=\"widget\" data-widget_type=\"image.default\">\n\t\t\t\t<div class=\"elementor-widget-container\">\n\t\t\t<style>\/*! elementor - v3.11.1 - 15-02-2023 *\/\n.elementor-widget-image{text-align:center}.elementor-widget-image a{display:inline-block}.elementor-widget-image a img[src$=\".svg\"]{width:48px}.elementor-widget-image img{vertical-align:middle;display:inline-block}<\/style>\t\t\t\t\t\t\t\t\t\t\t\t<img decoding=\"async\" width=\"1024\" height=\"518\" src=\"https:\/\/www.novamacsrl.it\/home\/wp-content\/uploads\/2021\/10\/Schermata-2021-10-14-alle-16.09.46-1024x518.png\" class=\"attachment-large size-large wp-image-2946\" alt=\"\" srcset=\"https:\/\/www.novamacsrl.it\/home\/wp-content\/uploads\/2021\/10\/Schermata-2021-10-14-alle-16.09.46-1024x518.png 1024w, https:\/\/www.novamacsrl.it\/home\/wp-content\/uploads\/2021\/10\/Schermata-2021-10-14-alle-16.09.46-1536x777.png 1536w, https:\/\/www.novamacsrl.it\/home\/wp-content\/uploads\/2021\/10\/Schermata-2021-10-14-alle-16.09.46-1600x809.png 1600w, https:\/\/www.novamacsrl.it\/home\/wp-content\/uploads\/2021\/10\/Schermata-2021-10-14-alle-16.09.46-660x334.png 660w, https:\/\/www.novamacsrl.it\/home\/wp-content\/uploads\/2021\/10\/Schermata-2021-10-14-alle-16.09.46-285x144.png 285w, https:\/\/www.novamacsrl.it\/home\/wp-content\/uploads\/2021\/10\/Schermata-2021-10-14-alle-16.09.46-150x76.png 150w, https:\/\/www.novamacsrl.it\/home\/wp-content\/uploads\/2021\/10\/Schermata-2021-10-14-alle-16.09.46-300x152.png 300w, https:\/\/www.novamacsrl.it\/home\/wp-content\/uploads\/2021\/10\/Schermata-2021-10-14-alle-16.09.46-768x388.png 768w, https:\/\/www.novamacsrl.it\/home\/wp-content\/uploads\/2021\/10\/Schermata-2021-10-14-alle-16.09.46-2048x1035.png 2048w\" sizes=\"(max-width: 1024px) 100vw, 1024px\" \/>\t\t\t\t\t\t\t\t\t\t\t\t\t\t\t<\/div>\n\t\t\t\t<\/div>\n\t\t\t\t\t<\/div>\n\t\t<\/div>\n\t\t\t\t<div class=\"elementor-column elementor-col-50 elementor-top-column elementor-element elementor-element-988c61c elementor-invisible\" data-id=\"988c61c\" data-element_type=\"column\" data-settings=\"{&quot;animation&quot;:&quot;fadeIn&quot;,&quot;animation_delay&quot;:200}\">\n\t\t\t<div class=\"elementor-widget-wrap elementor-element-populated\">\n\t\t\t\t\t\t\t\t<div class=\"elementor-element elementor-element-7b75cff elementor-widget elementor-widget-heading\" data-id=\"7b75cff\" data-element_type=\"widget\" data-widget_type=\"heading.default\">\n\t\t\t\t<div class=\"elementor-widget-container\">\n\t\t\t<style>\/*! elementor - v3.11.1 - 15-02-2023 *\/\n.elementor-heading-title{padding:0;margin:0;line-height:1}.elementor-widget-heading .elementor-heading-title[class*=elementor-size-]>a{color:inherit;font-size:inherit;line-height:inherit}.elementor-widget-heading .elementor-heading-title.elementor-size-small{font-size:15px}.elementor-widget-heading .elementor-heading-title.elementor-size-medium{font-size:19px}.elementor-widget-heading .elementor-heading-title.elementor-size-large{font-size:29px}.elementor-widget-heading .elementor-heading-title.elementor-size-xl{font-size:39px}.elementor-widget-heading .elementor-heading-title.elementor-size-xxl{font-size:59px}<\/style><h2 class=\"elementor-heading-title elementor-size-default elementor-heading-title elementor-size-default elementor-align-after-left elementor-align-after-mobile-center elementor-align-after-tablet-left\">Ultrasonic SM<\/h2>\t\t<\/div>\n\t\t\t\t<\/div>\n\t\t\t\t<div class=\"elementor-element elementor-element-9cdd897 elementor-widget elementor-widget-text-editor\" data-id=\"9cdd897\" data-element_type=\"widget\" data-widget_type=\"text-editor.default\">\n\t\t\t\t<div class=\"elementor-widget-container\">\n\t\t\t<style>\/*! elementor - v3.11.1 - 15-02-2023 *\/\n.elementor-widget-text-editor.elementor-drop-cap-view-stacked .elementor-drop-cap{background-color:#818a91;color:#fff}.elementor-widget-text-editor.elementor-drop-cap-view-framed .elementor-drop-cap{color:#818a91;border:3px solid;background-color:transparent}.elementor-widget-text-editor:not(.elementor-drop-cap-view-default) .elementor-drop-cap{margin-top:8px}.elementor-widget-text-editor:not(.elementor-drop-cap-view-default) .elementor-drop-cap-letter{width:1em;height:1em}.elementor-widget-text-editor .elementor-drop-cap{float:left;text-align:center;line-height:1;font-size:50px}.elementor-widget-text-editor .elementor-drop-cap-letter{display:inline-block}<\/style>\t\t\t\t<p class=\"p1\">Ultrasonic SM \u00e8 una macchina ad ultrasuoni per saldare in continuo tessuti, tessuti spalmati e tessuti tecnici anche mediante l\u2019utilizzo di nastri adesivi.<\/p><p class=\"p1\">E\u2019 stata progettata e costruita con le pi\u00f9 moderne tecnologie (CAD, NCD). Questa saldatrice, di moderna costruzione, \u00e8 un metodo alternativo alla tradizionale cucitura con filo.<\/p><p class=\"p1\">\u00a0<\/p><p class=\"p1\">Il sonotrodo e la rotella di contrasto ruotano con la stessa velocit\u00e0, oppure possono essere settati da programma a velocit\u00e0 indipendente. In questo modo la saldatura avviene senza ostacoli. La velocit\u00e0 \u00e8 regolabile in modo da adattare la saldatrice ai diversi tessuti.<br \/>Il generatori di ultrasuoni utilizzato ha una potenza di 400 Watt, con frequenza di 35 Khz.<br \/>Il sonotrodo ha una larghezza di saldatura da 10mm.<\/p>\t\t\t\t\t\t<\/div>\n\t\t\t\t<\/div>\n\t\t\t\t\t<\/div>\n\t\t<\/div>\n\t\t\t\t\t\t\t<\/div>\n\t\t<\/section>\n\t\t\t\t\t\t\t<\/div>\n\t\t","protected":false},"excerpt":{"rendered":"<p>Ultrasonic SM Ultrasonic SM \u00e8 una macchina ad ultrasuoni per saldare in continuo tessuti, tessuti spalmati e tessuti&#8230;<\/p>\n","protected":false},"author":1,"featured_media":0,"parent":0,"menu_order":0,"comment_status":"closed","ping_status":"closed","template":"","meta":[],"_links":{"self":[{"href":"https:\/\/www.novamacsrl.it\/home\/wp-json\/wp\/v2\/pages\/2968"}],"collection":[{"href":"https:\/\/www.novamacsrl.it\/home\/wp-json\/wp\/v2\/pages"}],"about":[{"href":"https:\/\/www.novamacsrl.it\/home\/wp-json\/wp\/v2\/types\/page"}],"author":[{"embeddable":true,"href":"https:\/\/www.novamacsrl.it\/home\/wp-json\/wp\/v2\/users\/1"}],"replies":[{"embeddable":true,"href":"https:\/\/www.novamacsrl.it\/home\/wp-json\/wp\/v2\/comments?post=2968"}],"version-history":[{"count":0,"href":"https:\/\/www.novamacsrl.it\/home\/wp-json\/wp\/v2\/pages\/2968\/revisions"}],"wp:attachment":[{"href":"https:\/\/www.novamacsrl.it\/home\/wp-json\/wp\/v2\/media?parent=2968"}],"curies":[{"name":"wp","href":"https:\/\/api.w.org\/{rel}","templated":true}]}}