{"id":2733,"date":"2020-09-24T04:57:51","date_gmt":"2020-09-24T04:57:51","guid":{"rendered":"https:\/\/manufacturer.stylemixthemes.com\/leather\/?page_id=3"},"modified":"2023-12-05T10:49:34","modified_gmt":"2023-12-05T10:49:34","slug":"privacy-policy-2","status":"publish","type":"page","link":"https:\/\/www.novamacsrl.it\/home\/privacy-policy-2\/","title":{"rendered":"Privacy Policy"},"content":{"rendered":"\n<p><br>Ultimo aggiornamento: 05 dicembre 2023<\/p>\n\n\n\n<p>La presente Informativa sulla privacy descrive le nostre politiche e procedure sulla raccolta, l&#8217;uso e la divulgazione delle tue informazioni quando utilizzi il Servizio e ti informa sui tuoi diritti alla privacy e su come la legge ti protegge.<\/p>\n\n\n\n<p>Utilizziamo i tuoi dati personali per fornire e migliorare il Servizio. Utilizzando il Servizio, accetti la raccolta e l&#8217;utilizzo delle informazioni in conformit\u00e0 con la presente Informativa sulla privacy. La presente Informativa sulla privacy \u00e8 stata creata con l&#8217;aiuto del Generatore di norme sulla privacy.<\/p>\n\n\n\n<h2>Interpretazione e definizioni<\/h2>\n\n\n\n<p><br>Interpretazione<br>Le parole la cui lettera iniziale \u00e8 maiuscola hanno significati definiti nelle seguenti condizioni. Le seguenti definizioni avranno lo stesso significato indipendentemente dal fatto che appaiano al singolare o al plurale.<\/p>\n\n\n\n<p>Definizioni<br>Ai fini della presente Informativa sulla privacy:<\/p>\n\n\n\n<p>Per Account si intende un account univoco creato per consentirti di accedere al nostro Servizio o a parti del nostro Servizio.<\/p>\n\n\n\n<p>Affiliata indica un&#8217;entit\u00e0 che controlla, \u00e8 controllata da o \u00e8 sotto controllo comune con una parte, dove &#8220;controllo&#8221; indica la propriet\u00e0 del 50% o pi\u00f9 delle azioni, delle partecipazioni o di altri titoli aventi diritto di voto per l&#8217;elezione degli amministratori o di altra autorit\u00e0 di gestione .<\/p>\n\n\n\n<p>Societ\u00e0 (denominata &#8220;la Societ\u00e0&#8221;, &#8220;Noi&#8221;, &#8220;Noi&#8221; o &#8220;Nostro&#8221; nel presente Contratto) si riferisce a Novamac Srl, Via dei Quartieri 45 36016 Thiene.<\/p>\n\n\n\n<p>I cookie sono piccoli file che vengono inseriti sul tuo computer, dispositivo mobile o qualsiasi altro dispositivo da un sito web, contenenti i dettagli della tua cronologia di navigazione su quel sito web tra i suoi molteplici usi.<\/p>\n\n\n\n<p>Il paese si riferisce a: Italia<\/p>\n\n\n\n<p>Per Dispositivo si intende qualsiasi dispositivo che pu\u00f2 accedere al Servizio come un computer, un cellulare o un tablet digitale.<\/p>\n\n\n\n<p>I dati personali sono qualsiasi informazione relativa a un individuo identificato o identificabile.<\/p>\n\n\n\n<p>Il servizio si riferisce al sito web.<\/p>\n\n\n\n<p>Fornitore di servizi indica qualsiasi persona fisica o giuridica che elabora i dati per conto della Societ\u00e0. Si riferisce a societ\u00e0 terze o individui impiegati dalla Societ\u00e0 per facilitare il Servizio, fornire il Servizio per conto della Societ\u00e0, eseguire servizi relativi al Servizio o assistere la Societ\u00e0 nell&#8217;analisi di come viene utilizzato il Servizio.<\/p>\n\n\n\n<p>Per Servizio di social media di terze parti si intende qualsiasi sito Web o sito Web di social network attraverso il quale un Utente pu\u00f2 accedere o creare un account per utilizzare il Servizio.<\/p>\n\n\n\n<p>I dati di utilizzo si riferiscono ai dati raccolti automaticamente, generati dall&#8217;utilizzo del Servizio o dall&#8217;infrastruttura del Servizio stesso (ad esempio, la durata della visita di una pagina).<\/p>\n\n\n\n<p>Il sito web fa riferimento a Novamac, accessibile da https:\/\/www.novamacsrl.it\/home<\/p>\n\n\n\n<p>Per &#8220;utente&#8221; si intende l&#8217;individuo che accede o utilizza il Servizio, oppure la societ\u00e0 o altra entit\u00e0 legale per conto della quale tale individuo accede o utilizza il Servizio, a seconda dei casi.<\/p>\n\n\n\n<h2>Raccolta e utilizzo dei tuoi dati personali<\/h2>\n\n\n\n<p><br>Tipi di dati raccolti<br>Dati personali<br>Durante l&#8217;utilizzo del nostro servizio, potremmo chiederti di fornirci determinate informazioni di identificazione personale che possono essere utilizzate per contattarti o identificarti. Le informazioni di identificazione personale possono includere, ma non sono limitate a:<\/p>\n\n\n\n<p>Indirizzo e-mail<\/p>\n\n\n\n<p>Nome e cognome<\/p>\n\n\n\n<p>Numero di telefono<\/p>\n\n\n\n<p>Indirizzo, Stato, Provincia, CAP, Citt\u00e0<\/p>\n\n\n\n<p>Dati di utilizzo<\/p>\n\n\n\n<p>Dati di utilizzo<br>I dati di utilizzo vengono raccolti automaticamente durante l&#8217;utilizzo del Servizio.<\/p>\n\n\n\n<p>I dati di utilizzo possono includere informazioni quali l&#8217;indirizzo del protocollo Internet del tuo dispositivo (ad esempio indirizzo IP), il tipo di browser, la versione del browser, le pagine del nostro servizio che visiti, l&#8217;ora e la data della tua visita, il tempo trascorso su quelle pagine, dispositivo unico identificatori e altri dati diagnostici.<\/p>\n\n\n\n<p>Quando accedi al Servizio da o attraverso un dispositivo mobile, potremmo raccogliere automaticamente determinate informazioni, incluso, ma non limitato a, il tipo di dispositivo mobile che utilizzi, l&#8217;ID univoco del tuo dispositivo mobile, l&#8217;indirizzo IP del tuo dispositivo mobile, il tuo sistema operativo, tipo di browser Internet mobile utilizzato, identificatori univoci del dispositivo e altri dati diagnostici.<\/p>\n\n\n\n<p>Potremmo anche raccogliere informazioni che il tuo browser invia ogni volta che visiti il nostro Servizio o quando accedi al Servizio da o tramite un dispositivo mobile.<\/p>\n\n\n\n<p>Informazioni provenienti da servizi di social media di terze parti<br>La Societ\u00e0 ti consente di creare un account e accedere per utilizzare il Servizio attraverso i seguenti servizi di social media di terze parti:<\/p>\n\n\n\n<p>Google<br>Facebook<br>Instagram<br>Twitter<br>LinkedIn<br>Se decidi di registrarti o di concederci in altro modo l&#8217;accesso a un servizio di social media di terze parti, potremmo raccogliere dati personali che sono gi\u00e0 associati al tuo account del servizio di social media di terze parti, come il tuo nome, il tuo indirizzo email, le tue attivit\u00e0 o il tuo elenco di contatti associato a quell&#8217;account.<\/p>\n\n\n\n<p>Potresti anche avere la possibilit\u00e0 di condividere informazioni aggiuntive con la Societ\u00e0 tramite l&#8217;account del tuo servizio di social media di terze parti. Se scegli di fornire tali informazioni e dati personali, durante la registrazione o in altro modo, stai dando alla Societ\u00e0 il permesso di utilizzarli, condividerli e archiviarli in modo coerente con la presente Informativa sulla privacy.<\/p>\n\n\n\n<p>Tecnologie di tracciamento e cookie<br>Utilizziamo i cookie<\/p>\n","protected":false},"excerpt":{"rendered":"<p>Ultimo aggiornamento: 05 dicembre 2023 La presente Informativa sulla privacy descrive le nostre politiche e procedure sulla raccolta,&#8230;<\/p>\n","protected":false},"author":1,"featured_media":0,"parent":0,"menu_order":0,"comment_status":"closed","ping_status":"open","template":"","meta":[],"_links":{"self":[{"href":"https:\/\/www.novamacsrl.it\/home\/wp-json\/wp\/v2\/pages\/2733"}],"collection":[{"href":"https:\/\/www.novamacsrl.it\/home\/wp-json\/wp\/v2\/pages"}],"about":[{"href":"https:\/\/www.novamacsrl.it\/home\/wp-json\/wp\/v2\/types\/page"}],"author":[{"embeddable":true,"href":"https:\/\/www.novamacsrl.it\/home\/wp-json\/wp\/v2\/users\/1"}],"replies":[{"embeddable":true,"href":"https:\/\/www.novamacsrl.it\/home\/wp-json\/wp\/v2\/comments?post=2733"}],"version-history":[{"count":2,"href":"https:\/\/www.novamacsrl.it\/home\/wp-json\/wp\/v2\/pages\/2733\/revisions"}],"predecessor-version":[{"id":3742,"href":"https:\/\/www.novamacsrl.it\/home\/wp-json\/wp\/v2\/pages\/2733\/revisions\/3742"}],"wp:attachment":[{"href":"https:\/\/www.novamacsrl.it\/home\/wp-json\/wp\/v2\/media?parent=2733"}],"curies":[{"name":"wp","href":"https:\/\/api.w.org\/{rel}","templated":true}]}}